{"id":57,"date":"2024-02-05T14:14:27","date_gmt":"2024-02-05T13:14:27","guid":{"rendered":"https:\/\/antiguedadesacova.com\/?page_id=57"},"modified":"2025-03-18T10:41:39","modified_gmt":"2025-03-18T09:41:39","slug":"historia","status":"publish","type":"page","link":"https:\/\/antiguedadesacova.com\/en\/historia\/","title":{"rendered":"Our story"},"content":{"rendered":"<div data-elementor-type=\"wp-page\" data-elementor-id=\"57\" class=\"elementor elementor-57\">\n\t\t\t\t<div class=\"elementor-element elementor-element-64059cc2 e-flex e-con-boxed e-con e-parent\" data-id=\"64059cc2\" data-element_type=\"container\" data-settings=\"{&quot;background_background&quot;:&quot;classic&quot;}\">\n\t\t\t\t\t<div class=\"e-con-inner\">\n\t\t\t\t<div class=\"elementor-element elementor-element-7a68055f elementor-widget elementor-widget-heading\" data-id=\"7a68055f\" data-element_type=\"widget\" data-widget_type=\"heading.default\">\n\t\t\t\t<div class=\"elementor-widget-container\">\n\t\t\t\t\t<h6 class=\"elementor-heading-title elementor-size-default\">Our story<\/h6>\t\t\t\t<\/div>\n\t\t\t\t<\/div>\n\t\t\t\t<div class=\"elementor-element elementor-element-7559116c elementor-widget elementor-widget-heading\" data-id=\"7559116c\" data-element_type=\"widget\" data-widget_type=\"heading.default\">\n\t\t\t\t<div class=\"elementor-widget-container\">\n\t\t\t\t\t<h1 class=\"elementor-heading-title elementor-size-default\">The ACOVA philosophy<\/h1>\t\t\t\t<\/div>\n\t\t\t\t<\/div>\n\t\t\t\t<div class=\"elementor-element elementor-element-2df3b90b elementor-widget elementor-widget-heading\" data-id=\"2df3b90b\" data-element_type=\"widget\" data-widget_type=\"heading.default\">\n\t\t\t\t<div class=\"elementor-widget-container\">\n\t\t\t\t\t<h5 class=\"elementor-heading-title elementor-size-default\">At Antig\u00fcedades ACOVA we work mainly in the restoration of furniture and finishes.<\/h5>\t\t\t\t<\/div>\n\t\t\t\t<\/div>\n\t\t\t\t\t<\/div>\n\t\t\t\t<\/div>\n\t\t<div class=\"elementor-element elementor-element-97f1ad e-flex e-con-boxed e-con e-parent\" data-id=\"97f1ad\" data-element_type=\"container\" data-settings=\"{&quot;background_background&quot;:&quot;classic&quot;}\">\n\t\t\t\t\t<div class=\"e-con-inner\">\n\t\t\t\t<div class=\"elementor-element elementor-element-44edb4b6 elementor-widget elementor-widget-spacer\" data-id=\"44edb4b6\" data-element_type=\"widget\" data-widget_type=\"spacer.default\">\n\t\t\t\t<div class=\"elementor-widget-container\">\n\t\t\t\t\t\t\t<div class=\"elementor-spacer\">\n\t\t\t<div class=\"elementor-spacer-inner\"><\/div>\n\t\t<\/div>\n\t\t\t\t\t\t<\/div>\n\t\t\t\t<\/div>\n\t\t\t\t\t<\/div>\n\t\t\t\t<\/div>\n\t\t<div class=\"elementor-element elementor-element-3ca2ddd4 e-flex e-con-boxed e-con e-parent\" data-id=\"3ca2ddd4\" data-element_type=\"container\">\n\t\t\t\t\t<div class=\"e-con-inner\">\n\t\t\t\t<div class=\"elementor-element elementor-element-75663640 elementor-widget elementor-widget-heading\" data-id=\"75663640\" data-element_type=\"widget\" data-widget_type=\"heading.default\">\n\t\t\t\t<div class=\"elementor-widget-container\">\n\t\t\t\t\t<h3 class=\"elementor-heading-title elementor-size-default\">In appraisal and auction houses in Europe since the 18th century\n<\/h3>\t\t\t\t<\/div>\n\t\t\t\t<\/div>\n\t\t\t\t<div class=\"elementor-element elementor-element-9711048 elementor-widget-divider--view-line elementor-widget elementor-widget-divider\" data-id=\"9711048\" data-element_type=\"widget\" data-widget_type=\"divider.default\">\n\t\t\t\t<div class=\"elementor-widget-container\">\n\t\t\t\t\t\t\t<div class=\"elementor-divider\">\n\t\t\t<span class=\"elementor-divider-separator\">\n\t\t\t\t\t\t<\/span>\n\t\t<\/div>\n\t\t\t\t\t\t<\/div>\n\t\t\t\t<\/div>\n\t\t\t\t<div class=\"elementor-element elementor-element-514da71c elementor-widget elementor-widget-text-editor\" data-id=\"514da71c\" data-element_type=\"widget\" data-widget_type=\"text-editor.default\">\n\t\t\t\t<div class=\"elementor-widget-container\">\n\t\t\t\t\t\t\t\t\t<p>We have been registered in the main appraisal and auction houses in Europe since the 18th century to provide greater rigor in the certification of the chronology, artistic value and authenticity of the artisanal heritage of the pieces we receive.<\/p>\t\t\t\t\t\t\t\t<\/div>\n\t\t\t\t<\/div>\n\t\t\t\t\t<\/div>\n\t\t\t\t<\/div>\n\t\t<div class=\"elementor-element elementor-element-a8c2a69 e-flex e-con-boxed e-con e-parent\" data-id=\"a8c2a69\" data-element_type=\"container\" data-settings=\"{&quot;background_background&quot;:&quot;classic&quot;}\">\n\t\t\t\t\t<div class=\"e-con-inner\">\n\t\t<div class=\"elementor-element elementor-element-6e0328c e-con-full e-flex e-con e-child\" data-id=\"6e0328c\" data-element_type=\"container\">\n\t\t\t\t<div class=\"elementor-element elementor-element-4a97091 elementor-widget elementor-widget-heading\" data-id=\"4a97091\" data-element_type=\"widget\" data-widget_type=\"heading.default\">\n\t\t\t\t<div class=\"elementor-widget-container\">\n\t\t\t\t\t<h4 class=\"elementor-heading-title elementor-size-default\">Our company philosophy has been forged on the British school for the conservation and reuse of old ornamental pieces.<\/h4>\t\t\t\t<\/div>\n\t\t\t\t<\/div>\n\t\t\t\t<div class=\"elementor-element elementor-element-01576e4 elementor-widget elementor-widget-text-editor\" data-id=\"01576e4\" data-element_type=\"widget\" data-widget_type=\"text-editor.default\">\n\t\t\t\t<div class=\"elementor-widget-container\">\n\t\t\t\t\t\t\t\t\t<p class=\"text-align-center\">Our restorations are based on minimal intervention, preservation and visibility of the passage of time on the different elements that make up a piece.<\/p><p class=\"text-align-center\">We always respect cracks, wear, chips, etc., strengthening them and integrating them into the original structure of the furniture.<\/p>\t\t\t\t\t\t\t\t<\/div>\n\t\t\t\t<\/div>\n\t\t\t\t<\/div>\n\t\t<div class=\"elementor-element elementor-element-64f87a5 e-con-full e-flex e-con e-child\" data-id=\"64f87a5\" data-element_type=\"container\" data-settings=\"{&quot;background_background&quot;:&quot;classic&quot;}\">\n\t\t\t\t<div class=\"elementor-element elementor-element-50e3ba6 elementor-widget elementor-widget-spacer\" data-id=\"50e3ba6\" data-element_type=\"widget\" data-widget_type=\"spacer.default\">\n\t\t\t\t<div class=\"elementor-widget-container\">\n\t\t\t\t\t\t\t<div class=\"elementor-spacer\">\n\t\t\t<div class=\"elementor-spacer-inner\"><\/div>\n\t\t<\/div>\n\t\t\t\t\t\t<\/div>\n\t\t\t\t<\/div>\n\t\t\t\t<\/div>\n\t\t\t\t\t<\/div>\n\t\t\t\t<\/div>\n\t\t<div class=\"elementor-element elementor-element-608b8330 e-flex e-con-boxed e-con e-parent\" data-id=\"608b8330\" data-element_type=\"container\" data-settings=\"{&quot;background_background&quot;:&quot;classic&quot;}\">\n\t\t\t\t\t<div class=\"e-con-inner\">\n\t\t\t\t<div class=\"elementor-element elementor-element-4eb64d66 elementor-widget elementor-widget-text-editor\" data-id=\"4eb64d66\" data-element_type=\"widget\" data-widget_type=\"text-editor.default\">\n\t\t\t\t<div class=\"elementor-widget-container\">\n\t\t\t\t\t\t\t\t\t<p>For more information and appraisals, do not hesitate to contact us.<\/p>\t\t\t\t\t\t\t\t<\/div>\n\t\t\t\t<\/div>\n\t\t\t\t<div class=\"elementor-element elementor-element-69bd4e6 elementor-align-center elementor-widget elementor-widget-button\" data-id=\"69bd4e6\" data-element_type=\"widget\" data-widget_type=\"button.default\">\n\t\t\t\t<div class=\"elementor-widget-container\">\n\t\t\t\t\t\t\t\t\t<div class=\"elementor-button-wrapper\">\n\t\t\t\t\t<a class=\"elementor-button elementor-button-link elementor-size-lg\" href=\"\/en\/contacto\/\" target=\"_blank\">\n\t\t\t\t\t\t<span class=\"elementor-button-content-wrapper\">\n\t\t\t\t\t\t\t\t\t<span class=\"elementor-button-text\">Contact<\/span>\n\t\t\t\t\t<\/span>\n\t\t\t\t\t<\/a>\n\t\t\t\t<\/div>\n\t\t\t\t\t\t\t\t<\/div>\n\t\t\t\t<\/div>\n\t\t\t\t<div class=\"elementor-element elementor-element-13c22763 elementor-shape-rounded elementor-grid-0 e-grid-align-center elementor-widget elementor-widget-social-icons\" data-id=\"13c22763\" data-element_type=\"widget\" data-widget_type=\"social-icons.default\">\n\t\t\t\t<div class=\"elementor-widget-container\">\n\t\t\t\t\t\t\t<div class=\"elementor-social-icons-wrapper elementor-grid\">\n\t\t\t\t\t\t\t<span class=\"elementor-grid-item\">\n\t\t\t\t\t<a class=\"elementor-icon elementor-social-icon elementor-social-icon-instagram elementor-repeater-item-959915e\" href=\"https:\/\/www.instagram.com\/acovaantiguedades\/\" target=\"_blank\">\n\t\t\t\t\t\t<span class=\"elementor-screen-only\">Instagram<\/span>\n\t\t\t\t\t\t<svg aria-hidden=\"true\" class=\"e-font-icon-svg e-fab-instagram\" viewbox=\"0 0 448 512\" xmlns=\"http:\/\/www.w3.org\/2000\/svg\"><path d=\"M224.1 141c-63.6 0-114.9 51.3-114.9 114.9s51.3 114.9 114.9 114.9S339 319.5 339 255.9 287.7 141 224.1 141zm0 189.6c-41.1 0-74.7-33.5-74.7-74.7s33.5-74.7 74.7-74.7 74.7 33.5 74.7 74.7-33.6 74.7-74.7 74.7zm146.4-194.3c0 14.9-12 26.8-26.8 26.8-14.9 0-26.8-12-26.8-26.8s12-26.8 26.8-26.8 26.8 12 26.8 26.8zm76.1 27.2c-1.7-35.9-9.9-67.7-36.2-93.9-26.2-26.2-58-34.4-93.9-36.2-37-2.1-147.9-2.1-184.9 0-35.8 1.7-67.6 9.9-93.9 36.1s-34.4 58-36.2 93.9c-2.1 37-2.1 147.9 0 184.9 1.7 35.9 9.9 67.7 36.2 93.9s58 34.4 93.9 36.2c37 2.1 147.9 2.1 184.9 0 35.9-1.7 67.7-9.9 93.9-36.2 26.2-26.2 34.4-58 36.2-93.9 2.1-37 2.1-147.8 0-184.8zM398.8 388c-7.8 19.6-22.9 34.7-42.6 42.6-29.5 11.7-99.5 9-132.1 9s-102.7 2.6-132.1-9c-19.6-7.8-34.7-22.9-42.6-42.6-11.7-29.5-9-99.5-9-132.1s-2.6-102.7 9-132.1c7.8-19.6 22.9-34.7 42.6-42.6 29.5-11.7 99.5-9 132.1-9s102.7-2.6 132.1 9c19.6 7.8 34.7 22.9 42.6 42.6 11.7 29.5 9 99.5 9 132.1s2.7 102.7-9 132.1z\"><\/path><\/svg>\t\t\t\t\t<\/a>\n\t\t\t\t<\/span>\n\t\t\t\t\t<\/div>\n\t\t\t\t\t\t<\/div>\n\t\t\t\t<\/div>\n\t\t\t\t\t<\/div>\n\t\t\t\t<\/div>\n\t\t<div class=\"elementor-element elementor-element-7b30582e e-flex e-con-boxed e-con e-parent\" data-id=\"7b30582e\" data-element_type=\"container\" data-settings=\"{&quot;background_background&quot;:&quot;classic&quot;}\">\n\t\t\t\t\t<div class=\"e-con-inner\">\n\t\t<div class=\"elementor-element elementor-element-4675d843 e-con-full e-flex e-con e-child\" data-id=\"4675d843\" data-element_type=\"container\">\n\t\t\t\t<div class=\"elementor-element elementor-element-65073314 elementor-widget elementor-widget-image\" data-id=\"65073314\" data-element_type=\"widget\" data-widget_type=\"image.default\">\n\t\t\t\t<div class=\"elementor-widget-container\">\n\t\t\t\t\t\t\t\t\t\t\t\t\t\t\t<img fetchpriority=\"high\" decoding=\"async\" width=\"768\" height=\"201\" src=\"https:\/\/antiguedadesacova.com\/wp-content\/uploads\/2024\/02\/ES_Financiado_por_la_Union_Europ-768x201-1.webp\" class=\"attachment-large size-large wp-image-450\" alt=\"\" srcset=\"https:\/\/antiguedadesacova.com\/wp-content\/uploads\/2024\/02\/ES_Financiado_por_la_Union_Europ-768x201-1.webp 768w, https:\/\/antiguedadesacova.com\/wp-content\/uploads\/2024\/02\/ES_Financiado_por_la_Union_Europ-768x201-1-300x79.webp 300w\" sizes=\"(max-width: 768px) 100vw, 768px\" \/>\t\t\t\t\t\t\t\t\t\t\t\t\t\t\t<\/div>\n\t\t\t\t<\/div>\n\t\t\t\t<\/div>\n\t\t<div class=\"elementor-element elementor-element-2865ba79 e-con-full e-flex e-con e-child\" data-id=\"2865ba79\" data-element_type=\"container\">\n\t\t\t\t<div class=\"elementor-element elementor-element-58204c48 elementor-widget elementor-widget-image\" data-id=\"58204c48\" data-element_type=\"widget\" data-widget_type=\"image.default\">\n\t\t\t\t<div class=\"elementor-widget-container\">\n\t\t\t\t\t\t\t\t\t\t\t\t\t\t\t<img decoding=\"async\" width=\"768\" height=\"246\" src=\"https:\/\/antiguedadesacova.com\/wp-content\/uploads\/2024\/02\/LOGO-NEGATIVO-1-768x246-1-1.webp\" class=\"attachment-large size-large wp-image-451\" alt=\"\" srcset=\"https:\/\/antiguedadesacova.com\/wp-content\/uploads\/2024\/02\/LOGO-NEGATIVO-1-768x246-1-1.webp 768w, https:\/\/antiguedadesacova.com\/wp-content\/uploads\/2024\/02\/LOGO-NEGATIVO-1-768x246-1-1-300x96.webp 300w\" sizes=\"(max-width: 768px) 100vw, 768px\" \/>\t\t\t\t\t\t\t\t\t\t\t\t\t\t\t<\/div>\n\t\t\t\t<\/div>\n\t\t\t\t<\/div>\n\t\t<div class=\"elementor-element elementor-element-44a15919 e-con-full e-flex e-con e-child\" data-id=\"44a15919\" data-element_type=\"container\">\n\t\t\t\t<div class=\"elementor-element elementor-element-6d73b313 elementor-widget elementor-widget-heading\" data-id=\"6d73b313\" data-element_type=\"widget\" data-widget_type=\"heading.default\">\n\t\t\t\t<div class=\"elementor-widget-container\">\n\t\t\t\t\t<h3 class=\"elementor-heading-title elementor-size-default\">Financiado por la Uni\u00f3n Europea \u2013 Next Generation EU.\nSin embargo los puntos de vista y las opiniones son \u00fanicamente los del autor o autores y no reflejan necesariamente los de la Uni\u00f3n Europea o la Comisi\u00f3n Europea. Ni la Uni\u00f3n Europea ni la Comisi\u00f3n Europea pueden ser consideradas responsables de las mismas.<\/h3>\t\t\t\t<\/div>\n\t\t\t\t<\/div>\n\t\t\t\t<\/div>\n\t\t\t\t\t<\/div>\n\t\t\t\t<\/div>\n\t\t<div class=\"elementor-element elementor-element-1c7e5d77 e-flex e-con-boxed e-con e-parent\" data-id=\"1c7e5d77\" data-element_type=\"container\" data-settings=\"{&quot;background_background&quot;:&quot;classic&quot;}\">\n\t\t\t\t\t<div class=\"e-con-inner\">\n\t\t\t\t<div class=\"elementor-element elementor-element-34bb7b09 elementor-widget elementor-widget-text-editor\" data-id=\"34bb7b09\" data-element_type=\"widget\" data-widget_type=\"text-editor.default\">\n\t\t\t\t<div class=\"elementor-widget-container\">\n\t\t\t\t\t\t\t\t\t<p><strong><a href=\"https:\/\/antiguedadesacova.com\/en\/politica-privacidad\/\">Legal Notice and Privacy<\/a><\/strong><\/p><p>Developed by\u00a0<strong><a href=\"https:\/\/www.debullar.com\/\" data-type=\"link\" data-id=\"https:\/\/www.debullar.com\/\">Debullar<\/a><\/strong>\u00a0In collaboration with\u00a0<strong><a href=\"https:\/\/www.weareb.es\/\" data-type=\"link\" data-id=\"https:\/\/www.weareb.es\/\">we are b Negreira<\/a>.<\/strong><\/p>\t\t\t\t\t\t\t\t<\/div>\n\t\t\t\t<\/div>\n\t\t\t\t\t<\/div>\n\t\t\t\t<\/div>\n\t\t<div class=\"elementor-element elementor-element-2874096c e-flex e-con-boxed e-con e-parent\" data-id=\"2874096c\" data-element_type=\"container\" data-settings=\"{&quot;background_background&quot;:&quot;classic&quot;}\">\n\t\t\t\t\t<div class=\"e-con-inner\">\n\t\t\t\t<div class=\"elementor-element elementor-element-1d080c56 elementor-widget elementor-widget-image\" data-id=\"1d080c56\" data-element_type=\"widget\" data-widget_type=\"image.default\">\n\t\t\t\t<div class=\"elementor-widget-container\">\n\t\t\t\t\t\t\t\t\t\t\t\t\t\t\t<img decoding=\"async\" width=\"300\" height=\"212\" src=\"https:\/\/antiguedadesacova.com\/wp-content\/uploads\/2024\/01\/cartel_PEL_defintivo-300x212.jpg\" class=\"attachment-medium size-medium wp-image-527\" alt=\"\" srcset=\"https:\/\/antiguedadesacova.com\/wp-content\/uploads\/2024\/01\/cartel_PEL_defintivo-300x212.jpg 300w, https:\/\/antiguedadesacova.com\/wp-content\/uploads\/2024\/01\/cartel_PEL_defintivo-18x12.jpg 18w, https:\/\/antiguedadesacova.com\/wp-content\/uploads\/2024\/01\/cartel_PEL_defintivo.jpg 600w\" sizes=\"(max-width: 300px) 100vw, 300px\" \/>\t\t\t\t\t\t\t\t\t\t\t\t\t\t\t<\/div>\n\t\t\t\t<\/div>\n\t\t\t\t\t<\/div>\n\t\t\t\t<\/div>\n\t\t\t\t<\/div>","protected":false},"excerpt":{"rendered":"<p>Nuestra Historia La filosof\u00eda de ACOVA Desde Antig\u00fcedades ACOVA trabajamos principalmente en la restauraci\u00f3n de muebles y acabados. En casas de tasaciones y subastas de Europa desde el siglo XVIII Estamos registrados en las principales casas de tasaciones y subastas de Europa desde el siglo XVIII para proveer un mayor rigor en la certificaci\u00f3n de [&hellip;]<\/p>","protected":false},"author":1,"featured_media":0,"parent":0,"menu_order":0,"comment_status":"closed","ping_status":"closed","template":"","meta":{"footnotes":""},"class_list":["post-57","page","type-page","status-publish","hentry"],"yoast_head":"<!-- This site is optimized with the Yoast SEO plugin v24.7 - https:\/\/yoast.com\/wordpress\/plugins\/seo\/ -->\n<title>Historia - ACOVA Antig\u00fcedades<\/title>\n<meta name=\"description\" content=\"A Cova trabajamos alfarer\u00eda tradicional con barros y cer\u00e1micas cocidos, ornamentaci\u00f3n de cristal soplado, vidrieras tintadas y emplomadas a mano, artes pl\u00e1sticas tradicionales y vanguardistas.\" \/>\n<meta name=\"robots\" content=\"index, follow, max-snippet:-1, max-image-preview:large, max-video-preview:-1\" \/>\n<link rel=\"canonical\" href=\"https:\/\/www.antiguedadesacova.com\/en\/historia\/\" \/>\n<meta property=\"og:locale\" content=\"en_GB\" \/>\n<meta property=\"og:type\" content=\"article\" \/>\n<meta property=\"og:title\" content=\"Historia - ACOVA Antig\u00fcedades\" \/>\n<meta property=\"og:description\" content=\"A Cova trabajamos alfarer\u00eda tradicional con barros y cer\u00e1micas cocidos, ornamentaci\u00f3n de cristal soplado, vidrieras tintadas y emplomadas a mano, artes pl\u00e1sticas tradicionales y vanguardistas.\" \/>\n<meta property=\"og:url\" content=\"https:\/\/www.antiguedadesacova.com\/en\/historia\/\" \/>\n<meta property=\"og:site_name\" content=\"ACOVA Antig\u00fcedades\" \/>\n<meta property=\"article:modified_time\" content=\"2025-03-18T09:41:39+00:00\" \/>\n<meta property=\"og:image\" content=\"https:\/\/antiguedadesacova.com\/wp-content\/uploads\/2024\/02\/ES_Financiado_por_la_Union_Europ-768x201-1.webp\" \/>\n<meta name=\"twitter:card\" content=\"summary_large_image\" \/>\n<meta name=\"twitter:label1\" content=\"Estimated reading time\" \/>\n\t<meta name=\"twitter:data1\" content=\"2 minutes\" \/>\n<script type=\"application\/ld+json\" class=\"yoast-schema-graph\">{\"@context\":\"https:\/\/schema.org\",\"@graph\":[{\"@type\":\"WebPage\",\"@id\":\"https:\/\/www.antiguedadesacova.com\/en\/historia\/\",\"url\":\"https:\/\/www.antiguedadesacova.com\/en\/historia\/\",\"name\":\"Historia - ACOVA Antig\u00fcedades\",\"isPartOf\":{\"@id\":\"https:\/\/www.antiguedadesacova.com\/en\/#website\"},\"primaryImageOfPage\":{\"@id\":\"https:\/\/www.antiguedadesacova.com\/en\/historia\/#primaryimage\"},\"image\":{\"@id\":\"https:\/\/www.antiguedadesacova.com\/en\/historia\/#primaryimage\"},\"thumbnailUrl\":\"https:\/\/antiguedadesacova.com\/wp-content\/uploads\/2024\/02\/ES_Financiado_por_la_Union_Europ-768x201-1.webp\",\"datePublished\":\"2024-02-05T13:14:27+00:00\",\"dateModified\":\"2025-03-18T09:41:39+00:00\",\"description\":\"A Cova trabajamos alfarer\u00eda tradicional con barros y cer\u00e1micas cocidos, ornamentaci\u00f3n de cristal soplado, vidrieras tintadas y emplomadas a mano, artes pl\u00e1sticas tradicionales y vanguardistas.\",\"breadcrumb\":{\"@id\":\"https:\/\/www.antiguedadesacova.com\/en\/historia\/#breadcrumb\"},\"inLanguage\":\"en-GB\",\"potentialAction\":[{\"@type\":\"ReadAction\",\"target\":[\"https:\/\/www.antiguedadesacova.com\/en\/historia\/\"]}]},{\"@type\":\"ImageObject\",\"inLanguage\":\"en-GB\",\"@id\":\"https:\/\/www.antiguedadesacova.com\/en\/historia\/#primaryimage\",\"url\":\"https:\/\/antiguedadesacova.com\/wp-content\/uploads\/2024\/02\/ES_Financiado_por_la_Union_Europ-768x201-1.webp\",\"contentUrl\":\"https:\/\/antiguedadesacova.com\/wp-content\/uploads\/2024\/02\/ES_Financiado_por_la_Union_Europ-768x201-1.webp\"},{\"@type\":\"BreadcrumbList\",\"@id\":\"https:\/\/www.antiguedadesacova.com\/en\/historia\/#breadcrumb\",\"itemListElement\":[{\"@type\":\"ListItem\",\"position\":1,\"name\":\"Portada\",\"item\":\"https:\/\/www.antiguedadesacova.com\/en\/\"},{\"@type\":\"ListItem\",\"position\":2,\"name\":\"Historia\"}]},{\"@type\":\"WebSite\",\"@id\":\"https:\/\/www.antiguedadesacova.com\/en\/#website\",\"url\":\"https:\/\/www.antiguedadesacova.com\/en\/\",\"name\":\"ACOVA Antig\u00fcedades\",\"description\":\"Artesan\u00eda e Mobles\",\"publisher\":{\"@id\":\"https:\/\/www.antiguedadesacova.com\/en\/#organization\"},\"potentialAction\":[{\"@type\":\"SearchAction\",\"target\":{\"@type\":\"EntryPoint\",\"urlTemplate\":\"https:\/\/www.antiguedadesacova.com\/en\/?s={search_term_string}\"},\"query-input\":{\"@type\":\"PropertyValueSpecification\",\"valueRequired\":true,\"valueName\":\"search_term_string\"}}],\"inLanguage\":\"en-GB\"},{\"@type\":\"Organization\",\"@id\":\"https:\/\/www.antiguedadesacova.com\/en\/#organization\",\"name\":\"ACOVA Antig\u00fcedades\",\"url\":\"https:\/\/www.antiguedadesacova.com\/en\/\",\"logo\":{\"@type\":\"ImageObject\",\"inLanguage\":\"en-GB\",\"@id\":\"https:\/\/www.antiguedadesacova.com\/en\/#\/schema\/logo\/image\/\",\"url\":\"https:\/\/antiguedadesacova.com\/wp-content\/uploads\/2024\/01\/logo-acova-antiguedades-negreira.png\",\"contentUrl\":\"https:\/\/antiguedadesacova.com\/wp-content\/uploads\/2024\/01\/logo-acova-antiguedades-negreira.png\",\"width\":819,\"height\":256,\"caption\":\"ACOVA Antig\u00fcedades\"},\"image\":{\"@id\":\"https:\/\/www.antiguedadesacova.com\/en\/#\/schema\/logo\/image\/\"}}]}<\/script>\n<!-- \/ Yoast SEO plugin. -->","yoast_head_json":{"title":"Historia - ACOVA Antig\u00fcedades","description":"A Cova trabajamos alfarer\u00eda tradicional con barros y cer\u00e1micas cocidos, ornamentaci\u00f3n de cristal soplado, vidrieras tintadas y emplomadas a mano, artes pl\u00e1sticas tradicionales y vanguardistas.","robots":{"index":"index","follow":"follow","max-snippet":"max-snippet:-1","max-image-preview":"max-image-preview:large","max-video-preview":"max-video-preview:-1"},"canonical":"https:\/\/www.antiguedadesacova.com\/en\/historia\/","og_locale":"en_GB","og_type":"article","og_title":"Historia - ACOVA Antig\u00fcedades","og_description":"A Cova trabajamos alfarer\u00eda tradicional con barros y cer\u00e1micas cocidos, ornamentaci\u00f3n de cristal soplado, vidrieras tintadas y emplomadas a mano, artes pl\u00e1sticas tradicionales y vanguardistas.","og_url":"https:\/\/www.antiguedadesacova.com\/en\/historia\/","og_site_name":"ACOVA Antig\u00fcedades","article_modified_time":"2025-03-18T09:41:39+00:00","og_image":[{"url":"https:\/\/antiguedadesacova.com\/wp-content\/uploads\/2024\/02\/ES_Financiado_por_la_Union_Europ-768x201-1.webp","type":"","width":"","height":""}],"twitter_card":"summary_large_image","twitter_misc":{"Estimated reading time":"2 minutes"},"schema":{"@context":"https:\/\/schema.org","@graph":[{"@type":"WebPage","@id":"https:\/\/www.antiguedadesacova.com\/en\/historia\/","url":"https:\/\/www.antiguedadesacova.com\/en\/historia\/","name":"Historia - ACOVA Antig\u00fcedades","isPartOf":{"@id":"https:\/\/www.antiguedadesacova.com\/en\/#website"},"primaryImageOfPage":{"@id":"https:\/\/www.antiguedadesacova.com\/en\/historia\/#primaryimage"},"image":{"@id":"https:\/\/www.antiguedadesacova.com\/en\/historia\/#primaryimage"},"thumbnailUrl":"https:\/\/antiguedadesacova.com\/wp-content\/uploads\/2024\/02\/ES_Financiado_por_la_Union_Europ-768x201-1.webp","datePublished":"2024-02-05T13:14:27+00:00","dateModified":"2025-03-18T09:41:39+00:00","description":"A Cova trabajamos alfarer\u00eda tradicional con barros y cer\u00e1micas cocidos, ornamentaci\u00f3n de cristal soplado, vidrieras tintadas y emplomadas a mano, artes pl\u00e1sticas tradicionales y vanguardistas.","breadcrumb":{"@id":"https:\/\/www.antiguedadesacova.com\/en\/historia\/#breadcrumb"},"inLanguage":"en-GB","potentialAction":[{"@type":"ReadAction","target":["https:\/\/www.antiguedadesacova.com\/en\/historia\/"]}]},{"@type":"ImageObject","inLanguage":"en-GB","@id":"https:\/\/www.antiguedadesacova.com\/en\/historia\/#primaryimage","url":"https:\/\/antiguedadesacova.com\/wp-content\/uploads\/2024\/02\/ES_Financiado_por_la_Union_Europ-768x201-1.webp","contentUrl":"https:\/\/antiguedadesacova.com\/wp-content\/uploads\/2024\/02\/ES_Financiado_por_la_Union_Europ-768x201-1.webp"},{"@type":"BreadcrumbList","@id":"https:\/\/www.antiguedadesacova.com\/en\/historia\/#breadcrumb","itemListElement":[{"@type":"ListItem","position":1,"name":"Portada","item":"https:\/\/www.antiguedadesacova.com\/en\/"},{"@type":"ListItem","position":2,"name":"Historia"}]},{"@type":"WebSite","@id":"https:\/\/www.antiguedadesacova.com\/en\/#website","url":"https:\/\/www.antiguedadesacova.com\/en\/","name":"ACOVA Antig\u00fcedades","description":"Artesan\u00eda e Mobles","publisher":{"@id":"https:\/\/www.antiguedadesacova.com\/en\/#organization"},"potentialAction":[{"@type":"SearchAction","target":{"@type":"EntryPoint","urlTemplate":"https:\/\/www.antiguedadesacova.com\/en\/?s={search_term_string}"},"query-input":{"@type":"PropertyValueSpecification","valueRequired":true,"valueName":"search_term_string"}}],"inLanguage":"en-GB"},{"@type":"Organization","@id":"https:\/\/www.antiguedadesacova.com\/en\/#organization","name":"ACOVA Antig\u00fcedades","url":"https:\/\/www.antiguedadesacova.com\/en\/","logo":{"@type":"ImageObject","inLanguage":"en-GB","@id":"https:\/\/www.antiguedadesacova.com\/en\/#\/schema\/logo\/image\/","url":"https:\/\/antiguedadesacova.com\/wp-content\/uploads\/2024\/01\/logo-acova-antiguedades-negreira.png","contentUrl":"https:\/\/antiguedadesacova.com\/wp-content\/uploads\/2024\/01\/logo-acova-antiguedades-negreira.png","width":819,"height":256,"caption":"ACOVA Antig\u00fcedades"},"image":{"@id":"https:\/\/www.antiguedadesacova.com\/en\/#\/schema\/logo\/image\/"}}]}},"_links":{"self":[{"href":"https:\/\/antiguedadesacova.com\/en\/wp-json\/wp\/v2\/pages\/57","targetHints":{"allow":["GET"]}}],"collection":[{"href":"https:\/\/antiguedadesacova.com\/en\/wp-json\/wp\/v2\/pages"}],"about":[{"href":"https:\/\/antiguedadesacova.com\/en\/wp-json\/wp\/v2\/types\/page"}],"author":[{"embeddable":true,"href":"https:\/\/antiguedadesacova.com\/en\/wp-json\/wp\/v2\/users\/1"}],"replies":[{"embeddable":true,"href":"https:\/\/antiguedadesacova.com\/en\/wp-json\/wp\/v2\/comments?post=57"}],"version-history":[{"count":46,"href":"https:\/\/antiguedadesacova.com\/en\/wp-json\/wp\/v2\/pages\/57\/revisions"}],"predecessor-version":[{"id":540,"href":"https:\/\/antiguedadesacova.com\/en\/wp-json\/wp\/v2\/pages\/57\/revisions\/540"}],"wp:attachment":[{"href":"https:\/\/antiguedadesacova.com\/en\/wp-json\/wp\/v2\/media?parent=57"}],"curies":[{"name":"wp","href":"https:\/\/api.w.org\/{rel}","templated":true}]}}