{"id":3,"date":"2024-01-03T13:13:20","date_gmt":"2024-01-03T12:13:20","guid":{"rendered":"https:\/\/antiguedadesacova.com\/?page_id=3"},"modified":"2024-02-08T20:10:44","modified_gmt":"2024-02-08T19:10:44","slug":"politica-privacidad","status":"publish","type":"page","link":"https:\/\/antiguedadesacova.com\/en\/politica-privacidad\/","title":{"rendered":"Pol\u00edtica de privacidad"},"content":{"rendered":"<div data-elementor-type=\"wp-page\" data-elementor-id=\"3\" class=\"elementor elementor-3\">\n\t\t\t\t<div class=\"elementor-element elementor-element-6e0d6c7d e-flex e-con-boxed e-con e-parent\" data-id=\"6e0d6c7d\" data-element_type=\"container\" data-e-type=\"container\" data-settings=\"{&quot;background_background&quot;:&quot;classic&quot;}\">\n\t\t\t\t\t<div class=\"e-con-inner\">\n\t\t\t\t<div class=\"elementor-element elementor-element-254eec7f elementor-widget elementor-widget-heading\" data-id=\"254eec7f\" data-element_type=\"widget\" data-e-type=\"widget\" data-widget_type=\"heading.default\">\n\t\t\t\t<div class=\"elementor-widget-container\">\n\t\t\t\t\t<h6 class=\"elementor-heading-title elementor-size-default\">Legal Information<\/h6>\t\t\t\t<\/div>\n\t\t\t\t<\/div>\n\t\t\t\t<div class=\"elementor-element elementor-element-6b73b07f elementor-widget elementor-widget-heading\" data-id=\"6b73b07f\" data-element_type=\"widget\" data-e-type=\"widget\" data-widget_type=\"heading.default\">\n\t\t\t\t<div class=\"elementor-widget-container\">\n\t\t\t\t\t<h1 class=\"elementor-heading-title elementor-size-default\">Privacy Policy<\/h1>\t\t\t\t<\/div>\n\t\t\t\t<\/div>\n\t\t\t\t\t<\/div>\n\t\t\t\t<\/div>\n\t\t<div class=\"elementor-element elementor-element-6d63e9fa e-flex e-con-boxed e-con e-parent\" data-id=\"6d63e9fa\" data-element_type=\"container\" data-e-type=\"container\">\n\t\t\t\t\t<div class=\"e-con-inner\">\n\t\t\t\t<div class=\"elementor-element elementor-element-68510a2a elementor-widget elementor-widget-text-editor\" data-id=\"68510a2a\" data-element_type=\"widget\" data-e-type=\"widget\" data-widget_type=\"text-editor.default\">\n\t\t\t\t<div class=\"elementor-widget-container\">\n\t\t\t\t\t\t\t\t\t\n<h3 class=\"wp-block-heading\">1. IDENTIFICATION AND OWNERSHIP<\/h3>\n<p>In compliance with article 10 of Law 34\/2002, of July 11, on Information Society Services and Electronic Commerce, the Owner exposes his or her identifying data.<\/p>\n<p><strong>Owner:<\/strong> Aitor Hombre<\/p>\n<p><strong>NIF:<\/strong>618080075S<\/p>\n<p><strong>Address:<\/strong> Carreira de San Mauro, 36, 15830 Negreira. A Coru\u00f1a.<\/p>\n<p><strong>E-mail:<\/strong> <span style=\"color: #993300;\"><a style=\"color: #993300;\" href=\"mailto:acovaantiguedades@gmail.com\" target=\"_blank\" rel=\"noopener\">acovaantiguedades@gmail.com<\/a><\/span><\/p>\n<p><strong>Website URL:<\/strong> <span style=\"color: #993300;\"><a style=\"color: #993300;\" href=\"https:\/\/antiguedadesacova.com\/en\/\" target=\"_blank\" rel=\"noopener\">www.acovanegreira.com<\/a><\/span><\/p>\n<h3>2. PURPOSE<\/h3>\n<p>The purpose of the Website URL is to show the services that can be provided and allow potential clients to contact you.<\/p>\n<h3>3. CONDITIONS OF USE<\/h3>\n<p>The use of the Website grants you the status of User, and implies complete acceptance of all the clauses and conditions of use included on this page. If you do not agree with each and every one of these clauses and conditions, please refrain from using this website. Access to this website does not imply, in any way, the beginning of a commercial relationship with the Owner. Through this Website, the Owner provides access and use of various content that the Owner or its collaborators have published through the Internet. To this end, you are obliged and committed NOT to use any of the contents of the website for illicit purposes or effects, prohibited in this Legal Notice or by current legislation, harmful to the rights and interests of third parties, or that in any way may damage, disable, overload, deteriorate or prevent the normal use of the contents, computer equipment or documents, files and all types of content stored on any computer equipment owned or contracted by the Owner, other users or any user of Internet.<\/p>\n<h3>4. CONTENTS<\/h3>\n<p>The Owner has obtained the information, multimedia content and materials included on the Website from sources it considers reliable, but, although it has taken all reasonable measures to ensure that the information contained is correct, the Owner does not guarantee that it is accurate. , complete or updated. The Owner expressly declines any responsibility for errors or omissions in the information contained in the pages of this website. It is prohibited to transmit or send through the Website any illegal or illicit content, computer viruses, or messages that, in general, affect or violate the rights of the Owner or third parties. The contents of the Website are for informational purposes only and under no circumstances should they be used or considered as an offer to sell, a request for an offer to purchase or a recommendation to carry out any other operation, unless expressly indicated. The Owner reserves the right to modify, suspend, cancel or restrict the content of the Website, the links or the information obtained through the Website, without prior notice. The Owner is not responsible for any damages that may arise from the use of the information on the Website or that contained in the Owner's social networks.<\/p>\n<h3>5. COOKIE POLICY<\/h3>\n<p>This website does not use cookies.<\/p>\n<h3>6. LINKS OF INTEREST TO OTHER WEBSITES<\/h3>\n<p>The Owner may provide you with access to third-party websites through links with the purpose of informing about the existence of other sources of information on the Internet in which you can expand the data offered on the Website. These links to other websites do not in any case imply a suggestion or recommendation for you to visit the destination web pages, which are beyond the control of the Owner, so the Owner is not responsible for the content of the linked websites or the result. that you get by following the links. Likewise, the Owner is not responsible for the links located on the linked websites to which it provides access. The establishment of the link does not imply in any case the existence of relations between the Owner and the owner of the site on which the link is established, nor the acceptance or approval by the Owner of its contents or services. If you access an external website from a link found on the Website, you must read the other website's own privacy policy, which may be different from that of this Website.<\/p>\n<h3>7. INTELLECTUAL AND INDUSTRIAL PROPERTY<\/h3>\n<p>All rights reserved. All access to this Website is subject to the following conditions: the reproduction, permanent storage and dissemination of the contents or any other use for public or commercial purposes is expressly prohibited without the express prior written consent of the Owner.<\/p>\n<h3>8. LIMITATION OF LIABILITY<\/h3>\n<p>The information and services included or available through this website may include inaccuracies or typographical errors. The Owner periodically incorporates improvements and\/or changes to the information contained and\/or the Services that it may introduce at any time. The Owner does not represent or guarantee that the services or contents will be interrupted or free of errors, that defects will be corrected, or that the service or the server that makes it available are free of viruses or other harmful components, without prejudice to the fact that The Owner makes every effort to avoid this type of incident. Owner declines any responsibility in the event of interruptions or malfunctions of the Services or content offered on the Internet, whatever the cause. Likewise, the Owner is not responsible for network outages, business losses as a result of said outages, temporary suspensions of electricity or any other type of indirect damage that may be caused to you by causes beyond the control of the Owner. Before making decisions and\/or actions based on the information included on the Website, the Owner recommends checking and contrasting the information received with other sources.<\/p>\n<h3>9. JURISDICTION<\/h3>\n<p>This Legal Notice is governed entirely by Spanish legislation. As long as there is no rule that requires otherwise, for any questions that may arise regarding the interpretation, application and compliance of this Legal Notice, as well as any claims that may arise from its use, the parties agree to submit to the Judges and Courts. of the province of A CORU\u00d1A, with express waiver of any other jurisdiction that may apply to them.<\/p>\n<h3>10. DATA POLICY<\/h3>\n<p>This website only processes the name and email received through the contact form, these being used only to respond to that contact. You can contact us via email to request this data not be used.<\/p>\n\t\t\t\t\t\t\t\t<\/div>\n\t\t\t\t<\/div>\n\t\t\t\t\t<\/div>\n\t\t\t\t<\/div>\n\t\t<div class=\"elementor-element elementor-element-392a5d20 e-flex e-con-boxed e-con e-parent\" data-id=\"392a5d20\" data-element_type=\"container\" data-e-type=\"container\" data-settings=\"{&quot;background_background&quot;:&quot;classic&quot;}\">\n\t\t\t\t\t<div class=\"e-con-inner\">\n\t\t\t\t<div class=\"elementor-element elementor-element-3332ce2 elementor-widget elementor-widget-text-editor\" data-id=\"3332ce2\" data-element_type=\"widget\" data-e-type=\"widget\" data-widget_type=\"text-editor.default\">\n\t\t\t\t<div class=\"elementor-widget-container\">\n\t\t\t\t\t\t\t\t\t<p>For more information and appraisals, do not hesitate to contact us.<\/p>\t\t\t\t\t\t\t\t<\/div>\n\t\t\t\t<\/div>\n\t\t\t\t<div class=\"elementor-element elementor-element-3d3b27b7 elementor-align-center elementor-widget elementor-widget-button\" data-id=\"3d3b27b7\" data-element_type=\"widget\" data-e-type=\"widget\" data-widget_type=\"button.default\">\n\t\t\t\t<div class=\"elementor-widget-container\">\n\t\t\t\t\t\t\t\t\t<div class=\"elementor-button-wrapper\">\n\t\t\t\t\t<a class=\"elementor-button elementor-button-link elementor-size-lg\" href=\"\/en\/contacto\/\" target=\"_blank\">\n\t\t\t\t\t\t<span class=\"elementor-button-content-wrapper\">\n\t\t\t\t\t\t\t\t\t<span class=\"elementor-button-text\">Contact<\/span>\n\t\t\t\t\t<\/span>\n\t\t\t\t\t<\/a>\n\t\t\t\t<\/div>\n\t\t\t\t\t\t\t\t<\/div>\n\t\t\t\t<\/div>\n\t\t\t\t<div class=\"elementor-element elementor-element-13722d6b elementor-shape-rounded elementor-grid-0 e-grid-align-center elementor-widget elementor-widget-social-icons\" data-id=\"13722d6b\" data-element_type=\"widget\" data-e-type=\"widget\" data-widget_type=\"social-icons.default\">\n\t\t\t\t<div class=\"elementor-widget-container\">\n\t\t\t\t\t\t\t<div class=\"elementor-social-icons-wrapper elementor-grid\">\n\t\t\t\t\t\t\t<span class=\"elementor-grid-item\">\n\t\t\t\t\t<a class=\"elementor-icon elementor-social-icon elementor-social-icon-instagram elementor-repeater-item-959915e\" href=\"https:\/\/www.instagram.com\/acovaantiguedades\/\" target=\"_blank\">\n\t\t\t\t\t\t<span class=\"elementor-screen-only\">Instagram<\/span>\n\t\t\t\t\t\t<svg aria-hidden=\"true\" class=\"e-font-icon-svg e-fab-instagram\" viewbox=\"0 0 448 512\" xmlns=\"http:\/\/www.w3.org\/2000\/svg\"><path d=\"M224.1 141c-63.6 0-114.9 51.3-114.9 114.9s51.3 114.9 114.9 114.9S339 319.5 339 255.9 287.7 141 224.1 141zm0 189.6c-41.1 0-74.7-33.5-74.7-74.7s33.5-74.7 74.7-74.7 74.7 33.5 74.7 74.7-33.6 74.7-74.7 74.7zm146.4-194.3c0 14.9-12 26.8-26.8 26.8-14.9 0-26.8-12-26.8-26.8s12-26.8 26.8-26.8 26.8 12 26.8 26.8zm76.1 27.2c-1.7-35.9-9.9-67.7-36.2-93.9-26.2-26.2-58-34.4-93.9-36.2-37-2.1-147.9-2.1-184.9 0-35.8 1.7-67.6 9.9-93.9 36.1s-34.4 58-36.2 93.9c-2.1 37-2.1 147.9 0 184.9 1.7 35.9 9.9 67.7 36.2 93.9s58 34.4 93.9 36.2c37 2.1 147.9 2.1 184.9 0 35.9-1.7 67.7-9.9 93.9-36.2 26.2-26.2 34.4-58 36.2-93.9 2.1-37 2.1-147.8 0-184.8zM398.8 388c-7.8 19.6-22.9 34.7-42.6 42.6-29.5 11.7-99.5 9-132.1 9s-102.7 2.6-132.1-9c-19.6-7.8-34.7-22.9-42.6-42.6-11.7-29.5-9-99.5-9-132.1s-2.6-102.7 9-132.1c7.8-19.6 22.9-34.7 42.6-42.6 29.5-11.7 99.5-9 132.1-9s102.7-2.6 132.1 9c19.6 7.8 34.7 22.9 42.6 42.6 11.7 29.5 9 99.5 9 132.1s2.7 102.7-9 132.1z\"><\/path><\/svg>\t\t\t\t\t<\/a>\n\t\t\t\t<\/span>\n\t\t\t\t\t<\/div>\n\t\t\t\t\t\t<\/div>\n\t\t\t\t<\/div>\n\t\t\t\t\t<\/div>\n\t\t\t\t<\/div>\n\t\t<div class=\"elementor-element elementor-element-69c3cfe e-flex e-con-boxed e-con e-parent\" data-id=\"69c3cfe\" data-element_type=\"container\" data-e-type=\"container\" data-settings=\"{&quot;background_background&quot;:&quot;classic&quot;}\">\n\t\t\t\t\t<div class=\"e-con-inner\">\n\t\t\t\t<div class=\"elementor-element elementor-element-3a9dc8e1 elementor-widget elementor-widget-text-editor\" data-id=\"3a9dc8e1\" data-element_type=\"widget\" data-e-type=\"widget\" data-widget_type=\"text-editor.default\">\n\t\t\t\t<div class=\"elementor-widget-container\">\n\t\t\t\t\t\t\t\t\t<p>\u00a0<\/p>\n<p>Developed by\u00a0<strong><a href=\"https:\/\/www.debullar.com\/\" data-type=\"link\" data-id=\"https:\/\/www.debullar.com\/\">Debullar<\/a><\/strong>\u00a0In collaboration with\u00a0<strong><a href=\"https:\/\/www.weareb.es\/\" data-type=\"link\" data-id=\"https:\/\/www.weareb.es\/\">we are b Negreira<\/a>.<\/strong><\/p>\t\t\t\t\t\t\t\t<\/div>\n\t\t\t\t<\/div>\n\t\t\t\t\t<\/div>\n\t\t\t\t<\/div>\n\t\t\t\t<\/div>","protected":false},"excerpt":{"rendered":"<p>Aviso Legal Pol\u00edtica de Privacidad 1. IDENTIFICACI\u00d3N Y TITULARIDAD En cumplimiento del art\u00edculo 10 de la Ley 34 \/ 2002, de 11 de julio, de Servicios de la Sociedad de la Informaci\u00f3n y Comercio Electr\u00f3nico, el Titular expone sus datos identificativos. Titular: Aitor Hombre NIF:618080075S Domicilio: Carreira de San Mauro, 36, 15830 Negreira. A Coru\u00f1a. [&hellip;]<\/p>","protected":false},"author":1,"featured_media":0,"parent":0,"menu_order":0,"comment_status":"closed","ping_status":"open","template":"","meta":{"footnotes":""},"class_list":["post-3","page","type-page","status-publish","hentry"],"yoast_head":"<!-- This site is optimized with the Yoast SEO plugin v24.7 - https:\/\/yoast.com\/wordpress\/plugins\/seo\/ -->\n<title>Pol\u00edtica de privacidad - ACOVA Antig\u00fcedades<\/title>\n<meta name=\"robots\" content=\"index, follow, max-snippet:-1, max-image-preview:large, max-video-preview:-1\" \/>\n<link rel=\"canonical\" href=\"https:\/\/www.antiguedadesacova.com\/politica-privacidad\/\" \/>\n<meta property=\"og:locale\" content=\"en_GB\" \/>\n<meta property=\"og:type\" content=\"article\" \/>\n<meta property=\"og:title\" content=\"Pol\u00edtica de privacidad - ACOVA Antig\u00fcedades\" \/>\n<meta property=\"og:description\" content=\"Aviso Legal Pol\u00edtica de Privacidad 1. IDENTIFICACI\u00d3N Y TITULARIDAD En cumplimiento del art\u00edculo 10 de la Ley 34 \/ 2002, de 11 de julio, de Servicios de la Sociedad de la Informaci\u00f3n y Comercio Electr\u00f3nico, el Titular expone sus datos identificativos. Titular: Aitor Hombre NIF:618080075S Domicilio: Carreira de San Mauro, 36, 15830 Negreira. A Coru\u00f1a. [&hellip;]\" \/>\n<meta property=\"og:url\" content=\"https:\/\/www.antiguedadesacova.com\/politica-privacidad\/\" \/>\n<meta property=\"og:site_name\" content=\"ACOVA Antig\u00fcedades\" \/>\n<meta property=\"article:modified_time\" content=\"2024-02-08T19:10:44+00:00\" \/>\n<meta name=\"twitter:card\" content=\"summary_large_image\" \/>\n<meta name=\"twitter:label1\" content=\"Estimated reading time\" \/>\n\t<meta name=\"twitter:data1\" content=\"6 minutes\" \/>\n<script type=\"application\/ld+json\" class=\"yoast-schema-graph\">{\"@context\":\"https:\/\/schema.org\",\"@graph\":[{\"@type\":\"WebPage\",\"@id\":\"https:\/\/www.antiguedadesacova.com\/politica-privacidad\/\",\"url\":\"https:\/\/www.antiguedadesacova.com\/politica-privacidad\/\",\"name\":\"Pol\u00edtica de privacidad - ACOVA Antig\u00fcedades\",\"isPartOf\":{\"@id\":\"https:\/\/www.antiguedadesacova.com\/en\/#website\"},\"datePublished\":\"2024-01-03T12:13:20+00:00\",\"dateModified\":\"2024-02-08T19:10:44+00:00\",\"breadcrumb\":{\"@id\":\"https:\/\/www.antiguedadesacova.com\/politica-privacidad\/#breadcrumb\"},\"inLanguage\":\"en-GB\",\"potentialAction\":[{\"@type\":\"ReadAction\",\"target\":[\"https:\/\/www.antiguedadesacova.com\/politica-privacidad\/\"]}]},{\"@type\":\"BreadcrumbList\",\"@id\":\"https:\/\/www.antiguedadesacova.com\/politica-privacidad\/#breadcrumb\",\"itemListElement\":[{\"@type\":\"ListItem\",\"position\":1,\"name\":\"Portada\",\"item\":\"https:\/\/www.antiguedadesacova.com\/en\/\"},{\"@type\":\"ListItem\",\"position\":2,\"name\":\"Pol\u00edtica de privacidad\"}]},{\"@type\":\"WebSite\",\"@id\":\"https:\/\/www.antiguedadesacova.com\/en\/#website\",\"url\":\"https:\/\/www.antiguedadesacova.com\/en\/\",\"name\":\"ACOVA Antig\u00fcedades\",\"description\":\"Artesan\u00eda e Mobles\",\"publisher\":{\"@id\":\"https:\/\/www.antiguedadesacova.com\/en\/#organization\"},\"potentialAction\":[{\"@type\":\"SearchAction\",\"target\":{\"@type\":\"EntryPoint\",\"urlTemplate\":\"https:\/\/www.antiguedadesacova.com\/en\/?s={search_term_string}\"},\"query-input\":{\"@type\":\"PropertyValueSpecification\",\"valueRequired\":true,\"valueName\":\"search_term_string\"}}],\"inLanguage\":\"en-GB\"},{\"@type\":\"Organization\",\"@id\":\"https:\/\/www.antiguedadesacova.com\/en\/#organization\",\"name\":\"ACOVA Antig\u00fcedades\",\"url\":\"https:\/\/www.antiguedadesacova.com\/en\/\",\"logo\":{\"@type\":\"ImageObject\",\"inLanguage\":\"en-GB\",\"@id\":\"https:\/\/www.antiguedadesacova.com\/en\/#\/schema\/logo\/image\/\",\"url\":\"https:\/\/antiguedadesacova.com\/wp-content\/uploads\/2024\/01\/logo-acova-antiguedades-negreira.png\",\"contentUrl\":\"https:\/\/antiguedadesacova.com\/wp-content\/uploads\/2024\/01\/logo-acova-antiguedades-negreira.png\",\"width\":819,\"height\":256,\"caption\":\"ACOVA Antig\u00fcedades\"},\"image\":{\"@id\":\"https:\/\/www.antiguedadesacova.com\/en\/#\/schema\/logo\/image\/\"}}]}<\/script>\n<!-- \/ Yoast SEO plugin. -->","yoast_head_json":{"title":"Pol\u00edtica de privacidad - ACOVA Antig\u00fcedades","robots":{"index":"index","follow":"follow","max-snippet":"max-snippet:-1","max-image-preview":"max-image-preview:large","max-video-preview":"max-video-preview:-1"},"canonical":"https:\/\/www.antiguedadesacova.com\/politica-privacidad\/","og_locale":"en_GB","og_type":"article","og_title":"Pol\u00edtica de privacidad - ACOVA Antig\u00fcedades","og_description":"Aviso Legal Pol\u00edtica de Privacidad 1. IDENTIFICACI\u00d3N Y TITULARIDAD En cumplimiento del art\u00edculo 10 de la Ley 34 \/ 2002, de 11 de julio, de Servicios de la Sociedad de la Informaci\u00f3n y Comercio Electr\u00f3nico, el Titular expone sus datos identificativos. Titular: Aitor Hombre NIF:618080075S Domicilio: Carreira de San Mauro, 36, 15830 Negreira. A Coru\u00f1a. [&hellip;]","og_url":"https:\/\/www.antiguedadesacova.com\/politica-privacidad\/","og_site_name":"ACOVA Antig\u00fcedades","article_modified_time":"2024-02-08T19:10:44+00:00","twitter_card":"summary_large_image","twitter_misc":{"Estimated reading time":"6 minutes"},"schema":{"@context":"https:\/\/schema.org","@graph":[{"@type":"WebPage","@id":"https:\/\/www.antiguedadesacova.com\/politica-privacidad\/","url":"https:\/\/www.antiguedadesacova.com\/politica-privacidad\/","name":"Pol\u00edtica de privacidad - ACOVA Antig\u00fcedades","isPartOf":{"@id":"https:\/\/www.antiguedadesacova.com\/en\/#website"},"datePublished":"2024-01-03T12:13:20+00:00","dateModified":"2024-02-08T19:10:44+00:00","breadcrumb":{"@id":"https:\/\/www.antiguedadesacova.com\/politica-privacidad\/#breadcrumb"},"inLanguage":"en-GB","potentialAction":[{"@type":"ReadAction","target":["https:\/\/www.antiguedadesacova.com\/politica-privacidad\/"]}]},{"@type":"BreadcrumbList","@id":"https:\/\/www.antiguedadesacova.com\/politica-privacidad\/#breadcrumb","itemListElement":[{"@type":"ListItem","position":1,"name":"Portada","item":"https:\/\/www.antiguedadesacova.com\/en\/"},{"@type":"ListItem","position":2,"name":"Pol\u00edtica de privacidad"}]},{"@type":"WebSite","@id":"https:\/\/www.antiguedadesacova.com\/en\/#website","url":"https:\/\/www.antiguedadesacova.com\/en\/","name":"ACOVA Antig\u00fcedades","description":"Artesan\u00eda e Mobles","publisher":{"@id":"https:\/\/www.antiguedadesacova.com\/en\/#organization"},"potentialAction":[{"@type":"SearchAction","target":{"@type":"EntryPoint","urlTemplate":"https:\/\/www.antiguedadesacova.com\/en\/?s={search_term_string}"},"query-input":{"@type":"PropertyValueSpecification","valueRequired":true,"valueName":"search_term_string"}}],"inLanguage":"en-GB"},{"@type":"Organization","@id":"https:\/\/www.antiguedadesacova.com\/en\/#organization","name":"ACOVA Antig\u00fcedades","url":"https:\/\/www.antiguedadesacova.com\/en\/","logo":{"@type":"ImageObject","inLanguage":"en-GB","@id":"https:\/\/www.antiguedadesacova.com\/en\/#\/schema\/logo\/image\/","url":"https:\/\/antiguedadesacova.com\/wp-content\/uploads\/2024\/01\/logo-acova-antiguedades-negreira.png","contentUrl":"https:\/\/antiguedadesacova.com\/wp-content\/uploads\/2024\/01\/logo-acova-antiguedades-negreira.png","width":819,"height":256,"caption":"ACOVA Antig\u00fcedades"},"image":{"@id":"https:\/\/www.antiguedadesacova.com\/en\/#\/schema\/logo\/image\/"}}]}},"_links":{"self":[{"href":"https:\/\/antiguedadesacova.com\/en\/wp-json\/wp\/v2\/pages\/3","targetHints":{"allow":["GET"]}}],"collection":[{"href":"https:\/\/antiguedadesacova.com\/en\/wp-json\/wp\/v2\/pages"}],"about":[{"href":"https:\/\/antiguedadesacova.com\/en\/wp-json\/wp\/v2\/types\/page"}],"author":[{"embeddable":true,"href":"https:\/\/antiguedadesacova.com\/en\/wp-json\/wp\/v2\/users\/1"}],"replies":[{"embeddable":true,"href":"https:\/\/antiguedadesacova.com\/en\/wp-json\/wp\/v2\/comments?post=3"}],"version-history":[{"count":15,"href":"https:\/\/antiguedadesacova.com\/en\/wp-json\/wp\/v2\/pages\/3\/revisions"}],"predecessor-version":[{"id":501,"href":"https:\/\/antiguedadesacova.com\/en\/wp-json\/wp\/v2\/pages\/3\/revisions\/501"}],"wp:attachment":[{"href":"https:\/\/antiguedadesacova.com\/en\/wp-json\/wp\/v2\/media?parent=3"}],"curies":[{"name":"wp","href":"https:\/\/api.w.org\/{rel}","templated":true}]}}