{"id":14,"date":"2024-01-31T12:58:49","date_gmt":"2024-01-31T11:58:49","guid":{"rendered":"https:\/\/antiguedadesacova.com\/?page_id=14"},"modified":"2025-03-18T10:42:16","modified_gmt":"2025-03-18T09:42:16","slug":"contacto","status":"publish","type":"page","link":"https:\/\/antiguedadesacova.com\/en\/contacto\/","title":{"rendered":"Contact"},"content":{"rendered":"<div data-elementor-type=\"wp-page\" data-elementor-id=\"14\" class=\"elementor elementor-14\">\n\t\t\t\t<div class=\"elementor-element elementor-element-2eab7db0 e-flex e-con-boxed e-con e-parent\" data-id=\"2eab7db0\" data-element_type=\"container\" data-e-type=\"container\" data-settings=\"{&quot;background_background&quot;:&quot;classic&quot;}\">\n\t\t\t\t\t<div class=\"e-con-inner\">\n\t\t\t\t<div class=\"elementor-element elementor-element-70739b77 elementor-widget elementor-widget-heading\" data-id=\"70739b77\" data-element_type=\"widget\" data-e-type=\"widget\" data-widget_type=\"heading.default\">\n\t\t\t\t<div class=\"elementor-widget-container\">\n\t\t\t\t\t<h6 class=\"elementor-heading-title elementor-size-default\">Do you have a question? <\/h6>\t\t\t\t<\/div>\n\t\t\t\t<\/div>\n\t\t\t\t<div class=\"elementor-element elementor-element-78b7939 elementor-widget elementor-widget-heading\" data-id=\"78b7939\" data-element_type=\"widget\" data-e-type=\"widget\" data-widget_type=\"heading.default\">\n\t\t\t\t<div class=\"elementor-widget-container\">\n\t\t\t\t\t<h1 class=\"elementor-heading-title elementor-size-default\">Contact us<\/h1>\t\t\t\t<\/div>\n\t\t\t\t<\/div>\n\t\t\t\t<div class=\"elementor-element elementor-element-49fc1c3c elementor-widget elementor-widget-heading\" data-id=\"49fc1c3c\" data-element_type=\"widget\" data-e-type=\"widget\" data-widget_type=\"heading.default\">\n\t\t\t\t<div class=\"elementor-widget-container\">\n\t\t\t\t\t<h5 class=\"elementor-heading-title elementor-size-default\">We are here to help you. Send us a message and we will contact you. <\/h5>\t\t\t\t<\/div>\n\t\t\t\t<\/div>\n\t\t\t\t\t<\/div>\n\t\t\t\t<\/div>\n\t\t<div class=\"elementor-element elementor-element-dd57967 e-flex e-con-boxed e-con e-parent\" data-id=\"dd57967\" data-element_type=\"container\" data-e-type=\"container\">\n\t\t\t\t\t<div class=\"e-con-inner\">\n\t\t<div class=\"elementor-element elementor-element-b6a15eb e-con-full e-flex e-con e-child\" data-id=\"b6a15eb\" data-element_type=\"container\" data-e-type=\"container\">\n\t\t\t\t<div class=\"elementor-element elementor-element-5e4626f elementor-view-default elementor-widget elementor-widget-icon\" data-id=\"5e4626f\" data-element_type=\"widget\" data-e-type=\"widget\" data-widget_type=\"icon.default\">\n\t\t\t\t<div class=\"elementor-widget-container\">\n\t\t\t\t\t\t\t<div class=\"elementor-icon-wrapper\">\n\t\t\t<div class=\"elementor-icon\">\n\t\t\t<svg aria-hidden=\"true\" class=\"e-font-icon-svg e-fas-map-pin\" viewbox=\"0 0 288 512\" xmlns=\"http:\/\/www.w3.org\/2000\/svg\"><path d=\"M112 316.94v156.69l22.02 33.02c4.75 7.12 15.22 7.12 19.97 0L176 473.63V316.94c-10.39 1.92-21.06 3.06-32 3.06s-21.61-1.14-32-3.06zM144 0C64.47 0 0 64.47 0 144s64.47 144 144 144 144-64.47 144-144S223.53 0 144 0zm0 76c-37.5 0-68 30.5-68 68 0 6.62-5.38 12-12 12s-12-5.38-12-12c0-50.73 41.28-92 92-92 6.62 0 12 5.38 12 12s-5.38 12-12 12z\"><\/path><\/svg>\t\t\t<\/div>\n\t\t<\/div>\n\t\t\t\t\t\t<\/div>\n\t\t\t\t<\/div>\n\t\t\t\t<div class=\"elementor-element elementor-element-03a9819 elementor-widget elementor-widget-heading\" data-id=\"03a9819\" data-element_type=\"widget\" data-e-type=\"widget\" data-widget_type=\"heading.default\">\n\t\t\t\t<div class=\"elementor-widget-container\">\n\t\t\t\t\t<h4 class=\"elementor-heading-title elementor-size-default\">Address<\/h4>\t\t\t\t<\/div>\n\t\t\t\t<\/div>\n\t\t\t\t<div class=\"elementor-element elementor-element-5e71ef2 elementor-widget elementor-widget-text-editor\" data-id=\"5e71ef2\" data-element_type=\"widget\" data-e-type=\"widget\" data-widget_type=\"text-editor.default\">\n\t\t\t\t<div class=\"elementor-widget-container\">\n\t\t\t\t\t\t\t\t\t<p>Carrera de San Mauro, N\u00ba 36 | 15830 Negreira,\u00a0A Coru\u00f1a. Spain.<\/p>\t\t\t\t\t\t\t\t<\/div>\n\t\t\t\t<\/div>\n\t\t\t\t<\/div>\n\t\t<div class=\"elementor-element elementor-element-8446e75 e-con-full e-flex e-con e-child\" data-id=\"8446e75\" data-element_type=\"container\" data-e-type=\"container\">\n\t\t\t\t<div class=\"elementor-element elementor-element-0280f12 elementor-view-default elementor-widget elementor-widget-icon\" data-id=\"0280f12\" data-element_type=\"widget\" data-e-type=\"widget\" data-widget_type=\"icon.default\">\n\t\t\t\t<div class=\"elementor-widget-container\">\n\t\t\t\t\t\t\t<div class=\"elementor-icon-wrapper\">\n\t\t\t<div class=\"elementor-icon\">\n\t\t\t<svg aria-hidden=\"true\" class=\"e-font-icon-svg e-fas-mail-bulk\" viewbox=\"0 0 576 512\" xmlns=\"http:\/\/www.w3.org\/2000\/svg\"><path d=\"M160 448c-25.6 0-51.2-22.4-64-32-64-44.8-83.2-60.8-96-70.4V480c0 17.67 14.33 32 32 32h256c17.67 0 32-14.33 32-32V345.6c-12.8 9.6-32 25.6-96 70.4-12.8 9.6-38.4 32-64 32zm128-192H32c-17.67 0-32 14.33-32 32v16c25.6 19.2 22.4 19.2 115.2 86.4 9.6 6.4 28.8 25.6 44.8 25.6s35.2-19.2 44.8-22.4c92.8-67.2 89.6-67.2 115.2-86.4V288c0-17.67-14.33-32-32-32zm256-96H224c-17.67 0-32 14.33-32 32v32h96c33.21 0 60.59 25.42 63.71 57.82l.29-.22V416h192c17.67 0 32-14.33 32-32V192c0-17.67-14.33-32-32-32zm-32 128h-64v-64h64v64zm-352-96c0-35.29 28.71-64 64-64h224V32c0-17.67-14.33-32-32-32H96C78.33 0 64 14.33 64 32v192h96v-32z\"><\/path><\/svg>\t\t\t<\/div>\n\t\t<\/div>\n\t\t\t\t\t\t<\/div>\n\t\t\t\t<\/div>\n\t\t\t\t<div class=\"elementor-element elementor-element-0121bf0 elementor-widget elementor-widget-heading\" data-id=\"0121bf0\" data-element_type=\"widget\" data-e-type=\"widget\" data-widget_type=\"heading.default\">\n\t\t\t\t<div class=\"elementor-widget-container\">\n\t\t\t\t\t<h4 class=\"elementor-heading-title elementor-size-default\">Mail<\/h4>\t\t\t\t<\/div>\n\t\t\t\t<\/div>\n\t\t\t\t<div class=\"elementor-element elementor-element-288a38d elementor-align-center elementor-widget elementor-widget-button\" data-id=\"288a38d\" data-element_type=\"widget\" data-e-type=\"widget\" data-widget_type=\"button.default\">\n\t\t\t\t<div class=\"elementor-widget-container\">\n\t\t\t\t\t\t\t\t\t<div class=\"elementor-button-wrapper\">\n\t\t\t\t\t<a class=\"elementor-button elementor-button-link elementor-size-sm\" href=\"mailto:acovaantiguedades@gmail.com\" target=\"_blank\">\n\t\t\t\t\t\t<span class=\"elementor-button-content-wrapper\">\n\t\t\t\t\t\t\t\t\t<span class=\"elementor-button-text\">acovaantiguedades@gmail.com<\/span>\n\t\t\t\t\t<\/span>\n\t\t\t\t\t<\/a>\n\t\t\t\t<\/div>\n\t\t\t\t\t\t\t\t<\/div>\n\t\t\t\t<\/div>\n\t\t\t\t<\/div>\n\t\t<div class=\"elementor-element elementor-element-365054d e-con-full e-flex e-con e-child\" data-id=\"365054d\" data-element_type=\"container\" data-e-type=\"container\">\n\t\t\t\t<div class=\"elementor-element elementor-element-66c823c elementor-view-default elementor-widget elementor-widget-icon\" data-id=\"66c823c\" data-element_type=\"widget\" data-e-type=\"widget\" data-widget_type=\"icon.default\">\n\t\t\t\t<div class=\"elementor-widget-container\">\n\t\t\t\t\t\t\t<div class=\"elementor-icon-wrapper\">\n\t\t\t<div class=\"elementor-icon\">\n\t\t\t<svg aria-hidden=\"true\" class=\"e-font-icon-svg e-fas-phone-alt\" viewbox=\"0 0 512 512\" xmlns=\"http:\/\/www.w3.org\/2000\/svg\"><path d=\"M497.39 361.8l-112-48a24 24 0 0 0-28 6.9l-49.6 60.6A370.66 370.66 0 0 1 130.6 204.11l60.6-49.6a23.94 23.94 0 0 0 6.9-28l-48-112A24.16 24.16 0 0 0 122.6.61l-104 24A24 24 0 0 0 0 48c0 256.5 207.9 464 464 464a24 24 0 0 0 23.4-18.6l24-104a24.29 24.29 0 0 0-14.01-27.6z\"><\/path><\/svg>\t\t\t<\/div>\n\t\t<\/div>\n\t\t\t\t\t\t<\/div>\n\t\t\t\t<\/div>\n\t\t\t\t<div class=\"elementor-element elementor-element-9048898 elementor-widget elementor-widget-heading\" data-id=\"9048898\" data-element_type=\"widget\" data-e-type=\"widget\" data-widget_type=\"heading.default\">\n\t\t\t\t<div class=\"elementor-widget-container\">\n\t\t\t\t\t<h4 class=\"elementor-heading-title elementor-size-default\">Telephone<\/h4>\t\t\t\t<\/div>\n\t\t\t\t<\/div>\n\t\t\t\t<div class=\"elementor-element elementor-element-34e1040 elementor-align-center elementor-widget elementor-widget-button\" data-id=\"34e1040\" data-element_type=\"widget\" data-e-type=\"widget\" data-widget_type=\"button.default\">\n\t\t\t\t<div class=\"elementor-widget-container\">\n\t\t\t\t\t\t\t\t\t<div class=\"elementor-button-wrapper\">\n\t\t\t\t\t<a class=\"elementor-button elementor-button-link elementor-size-sm\" href=\"tel:\/\/+34604046070\" target=\"_blank\">\n\t\t\t\t\t\t<span class=\"elementor-button-content-wrapper\">\n\t\t\t\t\t\t\t\t\t<span class=\"elementor-button-text\">(+34) 604 04 60 70<\/span>\n\t\t\t\t\t<\/span>\n\t\t\t\t\t<\/a>\n\t\t\t\t<\/div>\n\t\t\t\t\t\t\t\t<\/div>\n\t\t\t\t<\/div>\n\t\t\t\t<\/div>\n\t\t\t\t\t<\/div>\n\t\t\t\t<\/div>\n\t\t<div class=\"elementor-element elementor-element-387fd65 e-con-full e-flex e-con e-parent\" data-id=\"387fd65\" data-element_type=\"container\" data-e-type=\"container\">\n\t\t\t\t<div class=\"elementor-element elementor-element-22074c2 elementor-widget elementor-widget-google_maps\" data-id=\"22074c2\" data-element_type=\"widget\" data-e-type=\"widget\" data-widget_type=\"google_maps.default\">\n\t\t\t\t<div class=\"elementor-widget-container\">\n\t\t\t\t\t\t\t<div class=\"elementor-custom-embed\">\n\t\t\t<iframe loading=\"lazy\"\n\t\t\t\t\tsrc=\"https:\/\/maps.google.com\/maps?q=Carreira%20de%20San%20Mauro%2C%2036%2C%2015830%20Negreira%2C%20A%20Coru%C3%B1a&#038;t=m&#038;z=15&#038;output=embed&#038;iwloc=near\"\n\t\t\t\t\ttitle=\"Carreira de San Mauro, 36, 15830 Negreira, A Coru\u00f1a\"\n\t\t\t\t\taria-label=\"Carreira de San Mauro, 36, 15830 Negreira, A Coru\u00f1a\"\n\t\t\t><\/iframe>\n\t\t<\/div>\n\t\t\t\t\t\t<\/div>\n\t\t\t\t<\/div>\n\t\t\t\t<\/div>\n\t\t<div class=\"elementor-element elementor-element-60ee5ae5 e-flex e-con-boxed e-con e-parent\" data-id=\"60ee5ae5\" data-element_type=\"container\" data-e-type=\"container\" data-settings=\"{&quot;background_background&quot;:&quot;classic&quot;}\">\n\t\t\t\t\t<div class=\"e-con-inner\">\n\t\t<div class=\"elementor-element elementor-element-49a5edf0 e-con-full e-flex e-con e-child\" data-id=\"49a5edf0\" data-element_type=\"container\" data-e-type=\"container\">\n\t\t\t\t<div class=\"elementor-element elementor-element-31735bd elementor-widget elementor-widget-image\" data-id=\"31735bd\" data-element_type=\"widget\" data-e-type=\"widget\" data-widget_type=\"image.default\">\n\t\t\t\t<div class=\"elementor-widget-container\">\n\t\t\t\t\t\t\t\t\t\t\t\t\t\t\t<img fetchpriority=\"high\" decoding=\"async\" width=\"768\" height=\"201\" src=\"https:\/\/antiguedadesacova.com\/wp-content\/uploads\/2024\/02\/ES_Financiado_por_la_Union_Europ-768x201-1.webp\" class=\"attachment-large size-large wp-image-450\" alt=\"\" srcset=\"https:\/\/antiguedadesacova.com\/wp-content\/uploads\/2024\/02\/ES_Financiado_por_la_Union_Europ-768x201-1.webp 768w, https:\/\/antiguedadesacova.com\/wp-content\/uploads\/2024\/02\/ES_Financiado_por_la_Union_Europ-768x201-1-300x79.webp 300w\" sizes=\"(max-width: 768px) 100vw, 768px\" \/>\t\t\t\t\t\t\t\t\t\t\t\t\t\t\t<\/div>\n\t\t\t\t<\/div>\n\t\t\t\t<\/div>\n\t\t<div class=\"elementor-element elementor-element-e4b02f2 e-con-full e-flex e-con e-child\" data-id=\"e4b02f2\" data-element_type=\"container\" data-e-type=\"container\">\n\t\t\t\t<div class=\"elementor-element elementor-element-6d4dcf37 elementor-widget elementor-widget-image\" data-id=\"6d4dcf37\" data-element_type=\"widget\" data-e-type=\"widget\" data-widget_type=\"image.default\">\n\t\t\t\t<div class=\"elementor-widget-container\">\n\t\t\t\t\t\t\t\t\t\t\t\t\t\t\t<img decoding=\"async\" width=\"768\" height=\"246\" src=\"https:\/\/antiguedadesacova.com\/wp-content\/uploads\/2024\/02\/LOGO-NEGATIVO-1-768x246-1-1.webp\" class=\"attachment-large size-large wp-image-451\" alt=\"\" srcset=\"https:\/\/antiguedadesacova.com\/wp-content\/uploads\/2024\/02\/LOGO-NEGATIVO-1-768x246-1-1.webp 768w, https:\/\/antiguedadesacova.com\/wp-content\/uploads\/2024\/02\/LOGO-NEGATIVO-1-768x246-1-1-300x96.webp 300w\" sizes=\"(max-width: 768px) 100vw, 768px\" \/>\t\t\t\t\t\t\t\t\t\t\t\t\t\t\t<\/div>\n\t\t\t\t<\/div>\n\t\t\t\t<\/div>\n\t\t<div class=\"elementor-element elementor-element-2ed7f22e e-con-full e-flex e-con e-child\" data-id=\"2ed7f22e\" data-element_type=\"container\" data-e-type=\"container\">\n\t\t\t\t<div class=\"elementor-element elementor-element-5f222cfb elementor-widget elementor-widget-heading\" data-id=\"5f222cfb\" data-element_type=\"widget\" data-e-type=\"widget\" data-widget_type=\"heading.default\">\n\t\t\t\t<div class=\"elementor-widget-container\">\n\t\t\t\t\t<h3 class=\"elementor-heading-title elementor-size-default\">Financiado por la Uni\u00f3n Europea \u2013 Next Generation EU.\nSin embargo los puntos de vista y las opiniones son \u00fanicamente los del autor o autores y no reflejan necesariamente los de la Uni\u00f3n Europea o la Comisi\u00f3n Europea. Ni la Uni\u00f3n Europea ni la Comisi\u00f3n Europea pueden ser consideradas responsables de las mismas.<\/h3>\t\t\t\t<\/div>\n\t\t\t\t<\/div>\n\t\t\t\t<\/div>\n\t\t\t\t\t<\/div>\n\t\t\t\t<\/div>\n\t\t<div class=\"elementor-element elementor-element-2560fe80 e-flex e-con-boxed e-con e-parent\" data-id=\"2560fe80\" data-element_type=\"container\" data-e-type=\"container\" data-settings=\"{&quot;background_background&quot;:&quot;classic&quot;}\">\n\t\t\t\t\t<div class=\"e-con-inner\">\n\t\t\t\t<div class=\"elementor-element elementor-element-57f01a38 elementor-widget elementor-widget-text-editor\" data-id=\"57f01a38\" data-element_type=\"widget\" data-e-type=\"widget\" data-widget_type=\"text-editor.default\">\n\t\t\t\t<div class=\"elementor-widget-container\">\n\t\t\t\t\t\t\t\t\t<p><strong><a href=\"https:\/\/antiguedadesacova.com\/en\/politica-privacidad\/\">Legal Notice and Privacy<\/a><\/strong><\/p><p>Developed by\u00a0<strong><a href=\"https:\/\/www.debullar.com\/\" data-type=\"link\" data-id=\"https:\/\/www.debullar.com\/\">Debullar<\/a><\/strong>\u00a0In collaboration with\u00a0<strong><a href=\"https:\/\/www.weareb.es\/\" data-type=\"link\" data-id=\"https:\/\/www.weareb.es\/\">we are b Negreira<\/a>.<\/strong><\/p>\t\t\t\t\t\t\t\t<\/div>\n\t\t\t\t<\/div>\n\t\t\t\t\t<\/div>\n\t\t\t\t<\/div>\n\t\t<div class=\"elementor-element elementor-element-7304d814 e-flex e-con-boxed e-con e-parent\" data-id=\"7304d814\" data-element_type=\"container\" data-e-type=\"container\" data-settings=\"{&quot;background_background&quot;:&quot;classic&quot;}\">\n\t\t\t\t\t<div class=\"e-con-inner\">\n\t\t\t\t<div class=\"elementor-element elementor-element-509315c8 elementor-widget elementor-widget-image\" data-id=\"509315c8\" data-element_type=\"widget\" data-e-type=\"widget\" data-widget_type=\"image.default\">\n\t\t\t\t<div class=\"elementor-widget-container\">\n\t\t\t\t\t\t\t\t\t\t\t\t\t\t\t<img decoding=\"async\" width=\"300\" height=\"212\" src=\"https:\/\/antiguedadesacova.com\/wp-content\/uploads\/2024\/01\/cartel_PEL_defintivo-300x212.jpg\" class=\"attachment-medium size-medium wp-image-527\" alt=\"\" srcset=\"https:\/\/antiguedadesacova.com\/wp-content\/uploads\/2024\/01\/cartel_PEL_defintivo-300x212.jpg 300w, https:\/\/antiguedadesacova.com\/wp-content\/uploads\/2024\/01\/cartel_PEL_defintivo-18x12.jpg 18w, https:\/\/antiguedadesacova.com\/wp-content\/uploads\/2024\/01\/cartel_PEL_defintivo.jpg 600w\" sizes=\"(max-width: 300px) 100vw, 300px\" \/>\t\t\t\t\t\t\t\t\t\t\t\t\t\t\t<\/div>\n\t\t\t\t<\/div>\n\t\t\t\t\t<\/div>\n\t\t\t\t<\/div>\n\t\t\t\t<\/div>","protected":false},"excerpt":{"rendered":"<p>\u00bfTiene una pregunta? Cont\u00e1ctenos Estamos aqu\u00ed para ayudarle. Env\u00edenos un mensaje y nos pondremos en contacto con usted. Direcci\u00f3n Carreira de San Mauro, N\u00ba 36 | 15830 Negreira,&nbsp;A Coru\u00f1a. Espa\u00f1a. Mail acovaantiguedades@gmail.com Tel\u00e9fono (+34) 604 04 60 70 Financiado por la Uni\u00f3n Europea \u2013 Next Generation EU. Sin embargo los puntos de vista y las [&hellip;]<\/p>","protected":false},"author":1,"featured_media":0,"parent":0,"menu_order":0,"comment_status":"closed","ping_status":"closed","template":"","meta":{"footnotes":""},"class_list":["post-14","page","type-page","status-publish","hentry"],"yoast_head":"<!-- This site is optimized with the Yoast SEO plugin v24.7 - https:\/\/yoast.com\/wordpress\/plugins\/seo\/ -->\n<title>Contacto - ACOVA Antig\u00fcedades<\/title>\n<meta name=\"description\" content=\"A Cova trabajamos alfarer\u00eda tradicional con barros y cer\u00e1micas cocidos, ornamentaci\u00f3n de cristal soplado, vidrieras tintadas y emplomadas a mano, artes pl\u00e1sticas tradicionales y vanguardistas.\" \/>\n<meta name=\"robots\" content=\"index, follow, max-snippet:-1, max-image-preview:large, max-video-preview:-1\" \/>\n<link rel=\"canonical\" href=\"https:\/\/www.antiguedadesacova.com\/contacto\/\" \/>\n<meta property=\"og:locale\" content=\"en_GB\" \/>\n<meta property=\"og:type\" content=\"article\" \/>\n<meta property=\"og:title\" content=\"Contacto - ACOVA Antig\u00fcedades\" \/>\n<meta property=\"og:description\" content=\"A Cova trabajamos alfarer\u00eda tradicional con barros y cer\u00e1micas cocidos, ornamentaci\u00f3n de cristal soplado, vidrieras tintadas y emplomadas a mano, artes pl\u00e1sticas tradicionales y vanguardistas.\" \/>\n<meta property=\"og:url\" content=\"https:\/\/www.antiguedadesacova.com\/contacto\/\" \/>\n<meta property=\"og:site_name\" content=\"ACOVA Antig\u00fcedades\" \/>\n<meta property=\"article:modified_time\" content=\"2025-03-18T09:42:16+00:00\" \/>\n<meta property=\"og:image\" content=\"https:\/\/antiguedadesacova.com\/wp-content\/uploads\/2024\/02\/ES_Financiado_por_la_Union_Europ-768x201-1.webp\" \/>\n<meta name=\"twitter:card\" content=\"summary_large_image\" \/>\n<meta name=\"twitter:label1\" content=\"Estimated reading time\" \/>\n\t<meta name=\"twitter:data1\" content=\"2 minutes\" \/>\n<script type=\"application\/ld+json\" class=\"yoast-schema-graph\">{\"@context\":\"https:\/\/schema.org\",\"@graph\":[{\"@type\":\"WebPage\",\"@id\":\"https:\/\/www.antiguedadesacova.com\/contacto\/\",\"url\":\"https:\/\/www.antiguedadesacova.com\/contacto\/\",\"name\":\"Contacto - ACOVA Antig\u00fcedades\",\"isPartOf\":{\"@id\":\"https:\/\/www.antiguedadesacova.com\/en\/#website\"},\"primaryImageOfPage\":{\"@id\":\"https:\/\/www.antiguedadesacova.com\/contacto\/#primaryimage\"},\"image\":{\"@id\":\"https:\/\/www.antiguedadesacova.com\/contacto\/#primaryimage\"},\"thumbnailUrl\":\"https:\/\/antiguedadesacova.com\/wp-content\/uploads\/2024\/02\/ES_Financiado_por_la_Union_Europ-768x201-1.webp\",\"datePublished\":\"2024-01-31T11:58:49+00:00\",\"dateModified\":\"2025-03-18T09:42:16+00:00\",\"description\":\"A Cova trabajamos alfarer\u00eda tradicional con barros y cer\u00e1micas cocidos, ornamentaci\u00f3n de cristal soplado, vidrieras tintadas y emplomadas a mano, artes pl\u00e1sticas tradicionales y vanguardistas.\",\"breadcrumb\":{\"@id\":\"https:\/\/www.antiguedadesacova.com\/contacto\/#breadcrumb\"},\"inLanguage\":\"en-GB\",\"potentialAction\":[{\"@type\":\"ReadAction\",\"target\":[\"https:\/\/www.antiguedadesacova.com\/contacto\/\"]}]},{\"@type\":\"ImageObject\",\"inLanguage\":\"en-GB\",\"@id\":\"https:\/\/www.antiguedadesacova.com\/contacto\/#primaryimage\",\"url\":\"https:\/\/antiguedadesacova.com\/wp-content\/uploads\/2024\/02\/ES_Financiado_por_la_Union_Europ-768x201-1.webp\",\"contentUrl\":\"https:\/\/antiguedadesacova.com\/wp-content\/uploads\/2024\/02\/ES_Financiado_por_la_Union_Europ-768x201-1.webp\"},{\"@type\":\"BreadcrumbList\",\"@id\":\"https:\/\/www.antiguedadesacova.com\/contacto\/#breadcrumb\",\"itemListElement\":[{\"@type\":\"ListItem\",\"position\":1,\"name\":\"Portada\",\"item\":\"https:\/\/www.antiguedadesacova.com\/en\/\"},{\"@type\":\"ListItem\",\"position\":2,\"name\":\"Contacto\"}]},{\"@type\":\"WebSite\",\"@id\":\"https:\/\/www.antiguedadesacova.com\/en\/#website\",\"url\":\"https:\/\/www.antiguedadesacova.com\/en\/\",\"name\":\"ACOVA Antig\u00fcedades\",\"description\":\"Artesan\u00eda e Mobles\",\"publisher\":{\"@id\":\"https:\/\/www.antiguedadesacova.com\/en\/#organization\"},\"potentialAction\":[{\"@type\":\"SearchAction\",\"target\":{\"@type\":\"EntryPoint\",\"urlTemplate\":\"https:\/\/www.antiguedadesacova.com\/en\/?s={search_term_string}\"},\"query-input\":{\"@type\":\"PropertyValueSpecification\",\"valueRequired\":true,\"valueName\":\"search_term_string\"}}],\"inLanguage\":\"en-GB\"},{\"@type\":\"Organization\",\"@id\":\"https:\/\/www.antiguedadesacova.com\/en\/#organization\",\"name\":\"ACOVA Antig\u00fcedades\",\"url\":\"https:\/\/www.antiguedadesacova.com\/en\/\",\"logo\":{\"@type\":\"ImageObject\",\"inLanguage\":\"en-GB\",\"@id\":\"https:\/\/www.antiguedadesacova.com\/en\/#\/schema\/logo\/image\/\",\"url\":\"https:\/\/antiguedadesacova.com\/wp-content\/uploads\/2024\/01\/logo-acova-antiguedades-negreira.png\",\"contentUrl\":\"https:\/\/antiguedadesacova.com\/wp-content\/uploads\/2024\/01\/logo-acova-antiguedades-negreira.png\",\"width\":819,\"height\":256,\"caption\":\"ACOVA Antig\u00fcedades\"},\"image\":{\"@id\":\"https:\/\/www.antiguedadesacova.com\/en\/#\/schema\/logo\/image\/\"}}]}<\/script>\n<!-- \/ Yoast SEO plugin. -->","yoast_head_json":{"title":"Contacto - ACOVA Antig\u00fcedades","description":"A Cova trabajamos alfarer\u00eda tradicional con barros y cer\u00e1micas cocidos, ornamentaci\u00f3n de cristal soplado, vidrieras tintadas y emplomadas a mano, artes pl\u00e1sticas tradicionales y vanguardistas.","robots":{"index":"index","follow":"follow","max-snippet":"max-snippet:-1","max-image-preview":"max-image-preview:large","max-video-preview":"max-video-preview:-1"},"canonical":"https:\/\/www.antiguedadesacova.com\/contacto\/","og_locale":"en_GB","og_type":"article","og_title":"Contacto - ACOVA Antig\u00fcedades","og_description":"A Cova trabajamos alfarer\u00eda tradicional con barros y cer\u00e1micas cocidos, ornamentaci\u00f3n de cristal soplado, vidrieras tintadas y emplomadas a mano, artes pl\u00e1sticas tradicionales y vanguardistas.","og_url":"https:\/\/www.antiguedadesacova.com\/contacto\/","og_site_name":"ACOVA Antig\u00fcedades","article_modified_time":"2025-03-18T09:42:16+00:00","og_image":[{"url":"https:\/\/antiguedadesacova.com\/wp-content\/uploads\/2024\/02\/ES_Financiado_por_la_Union_Europ-768x201-1.webp","type":"","width":"","height":""}],"twitter_card":"summary_large_image","twitter_misc":{"Estimated reading time":"2 minutes"},"schema":{"@context":"https:\/\/schema.org","@graph":[{"@type":"WebPage","@id":"https:\/\/www.antiguedadesacova.com\/contacto\/","url":"https:\/\/www.antiguedadesacova.com\/contacto\/","name":"Contacto - ACOVA Antig\u00fcedades","isPartOf":{"@id":"https:\/\/www.antiguedadesacova.com\/en\/#website"},"primaryImageOfPage":{"@id":"https:\/\/www.antiguedadesacova.com\/contacto\/#primaryimage"},"image":{"@id":"https:\/\/www.antiguedadesacova.com\/contacto\/#primaryimage"},"thumbnailUrl":"https:\/\/antiguedadesacova.com\/wp-content\/uploads\/2024\/02\/ES_Financiado_por_la_Union_Europ-768x201-1.webp","datePublished":"2024-01-31T11:58:49+00:00","dateModified":"2025-03-18T09:42:16+00:00","description":"A Cova trabajamos alfarer\u00eda tradicional con barros y cer\u00e1micas cocidos, ornamentaci\u00f3n de cristal soplado, vidrieras tintadas y emplomadas a mano, artes pl\u00e1sticas tradicionales y vanguardistas.","breadcrumb":{"@id":"https:\/\/www.antiguedadesacova.com\/contacto\/#breadcrumb"},"inLanguage":"en-GB","potentialAction":[{"@type":"ReadAction","target":["https:\/\/www.antiguedadesacova.com\/contacto\/"]}]},{"@type":"ImageObject","inLanguage":"en-GB","@id":"https:\/\/www.antiguedadesacova.com\/contacto\/#primaryimage","url":"https:\/\/antiguedadesacova.com\/wp-content\/uploads\/2024\/02\/ES_Financiado_por_la_Union_Europ-768x201-1.webp","contentUrl":"https:\/\/antiguedadesacova.com\/wp-content\/uploads\/2024\/02\/ES_Financiado_por_la_Union_Europ-768x201-1.webp"},{"@type":"BreadcrumbList","@id":"https:\/\/www.antiguedadesacova.com\/contacto\/#breadcrumb","itemListElement":[{"@type":"ListItem","position":1,"name":"Portada","item":"https:\/\/www.antiguedadesacova.com\/en\/"},{"@type":"ListItem","position":2,"name":"Contacto"}]},{"@type":"WebSite","@id":"https:\/\/www.antiguedadesacova.com\/en\/#website","url":"https:\/\/www.antiguedadesacova.com\/en\/","name":"ACOVA Antig\u00fcedades","description":"Artesan\u00eda e Mobles","publisher":{"@id":"https:\/\/www.antiguedadesacova.com\/en\/#organization"},"potentialAction":[{"@type":"SearchAction","target":{"@type":"EntryPoint","urlTemplate":"https:\/\/www.antiguedadesacova.com\/en\/?s={search_term_string}"},"query-input":{"@type":"PropertyValueSpecification","valueRequired":true,"valueName":"search_term_string"}}],"inLanguage":"en-GB"},{"@type":"Organization","@id":"https:\/\/www.antiguedadesacova.com\/en\/#organization","name":"ACOVA Antig\u00fcedades","url":"https:\/\/www.antiguedadesacova.com\/en\/","logo":{"@type":"ImageObject","inLanguage":"en-GB","@id":"https:\/\/www.antiguedadesacova.com\/en\/#\/schema\/logo\/image\/","url":"https:\/\/antiguedadesacova.com\/wp-content\/uploads\/2024\/01\/logo-acova-antiguedades-negreira.png","contentUrl":"https:\/\/antiguedadesacova.com\/wp-content\/uploads\/2024\/01\/logo-acova-antiguedades-negreira.png","width":819,"height":256,"caption":"ACOVA Antig\u00fcedades"},"image":{"@id":"https:\/\/www.antiguedadesacova.com\/en\/#\/schema\/logo\/image\/"}}]}},"_links":{"self":[{"href":"https:\/\/antiguedadesacova.com\/en\/wp-json\/wp\/v2\/pages\/14","targetHints":{"allow":["GET"]}}],"collection":[{"href":"https:\/\/antiguedadesacova.com\/en\/wp-json\/wp\/v2\/pages"}],"about":[{"href":"https:\/\/antiguedadesacova.com\/en\/wp-json\/wp\/v2\/types\/page"}],"author":[{"embeddable":true,"href":"https:\/\/antiguedadesacova.com\/en\/wp-json\/wp\/v2\/users\/1"}],"replies":[{"embeddable":true,"href":"https:\/\/antiguedadesacova.com\/en\/wp-json\/wp\/v2\/comments?post=14"}],"version-history":[{"count":49,"href":"https:\/\/antiguedadesacova.com\/en\/wp-json\/wp\/v2\/pages\/14\/revisions"}],"predecessor-version":[{"id":556,"href":"https:\/\/antiguedadesacova.com\/en\/wp-json\/wp\/v2\/pages\/14\/revisions\/556"}],"wp:attachment":[{"href":"https:\/\/antiguedadesacova.com\/en\/wp-json\/wp\/v2\/media?parent=14"}],"curies":[{"name":"wp","href":"https:\/\/api.w.org\/{rel}","templated":true}]}}